{"id":1981,"date":"2023-07-14T15:54:29","date_gmt":"2023-07-14T19:54:29","guid":{"rendered":"https:\/\/macintyre.c21.ca\/evaluez-nous\/"},"modified":"2023-07-14T15:54:30","modified_gmt":"2023-07-14T19:54:30","slug":"evaluez-nous","status":"publish","type":"page","link":"https:\/\/c21macintyre.com\/fr\/evaluez-nous\/","title":{"rendered":"\u00c9valuez-nous"},"content":{"rendered":"\t\t<div data-elementor-type=\"wp-page\" data-elementor-id=\"1981\" class=\"elementor elementor-1981 elementor-1883\" data-elementor-post-type=\"page\">\n\t\t\t\t\t\t<section class=\"elementor-section elementor-top-section elementor-element elementor-element-65014c8 elementor-section-height-min-height elementor-section-items-top elementor-section-boxed elementor-section-height-default\" data-id=\"65014c8\" data-element_type=\"section\">\n\t\t\t\t\t\t<div class=\"elementor-container elementor-column-gap-default\">\n\t\t\t\t\t<div class=\"elementor-column elementor-col-100 elementor-top-column elementor-element elementor-element-de2e144\" data-id=\"de2e144\" data-element_type=\"column\">\n\t\t\t<div class=\"elementor-widget-wrap elementor-element-populated\">\n\t\t\t\t\t\t<div class=\"elementor-element elementor-element-167c888 elementor-widget elementor-widget-heading\" data-id=\"167c888\" data-element_type=\"widget\" data-widget_type=\"heading.default\">\n\t\t\t\t<div class=\"elementor-widget-container\">\n\t\t\t<h1 class=\"elementor-heading-title elementor-size-default\">Comment \u00e9valuez-vous votre exp\u00e9rience avec nous?<\/h1>\t\t<\/div>\n\t\t\t\t<\/div>\n\t\t\t\t<div class=\"elementor-element elementor-element-4655b83 elementor-widget elementor-widget-text-editor\" data-id=\"4655b83\" data-element_type=\"widget\" data-widget_type=\"text-editor.default\">\n\t\t\t\t<div class=\"elementor-widget-container\">\n\t\t\t\t\t\t\t<p>Veuillez nous le faire savoir avec une note de une \u00e0 cinq \u00e9toiles.<\/p>\n\t\t\t\t\t\t<\/div>\n\t\t\t\t<\/div>\n\t\t\t\t<div class=\"elementor-element elementor-element-d20710d elementor-widget elementor-widget-html\" data-id=\"d20710d\" data-element_type=\"widget\" data-widget_type=\"html.default\">\n\t\t\t\t<div class=\"elementor-widget-container\">\n\t\t\t<div id=\"review_filter\" data-url=\"https:\/\/www.google.com\/search?q=century+21+macintyre&oq=Century+21+Macintyre&aqs=chrome.0.0i355i512j46i175i199i512j0i22i30l3j69i60l3.3184j0j4&sourceid=chrome&ie=UTF-8#lrd=0x4cd1e6e400024f67:0x134b84eb47fd3414,3,,,,\" data-key=\"c21MacintyreReviewForm\"><\/div>\r\n<script src=\"https:\/\/benchmetrics-assets.s3.us-west-2.amazonaws.com\/bnm_review_filter.js\"><\/script>\t\t<\/div>\n\t\t\t\t<\/div>\n\t\t\t\t\t<\/div>\n\t\t<\/div>\n\t\t\t\t\t<\/div>\n\t\t<\/section>\n\t\t\t\t<\/div>\n\t\t","protected":false},"excerpt":{"rendered":"<p>Comment \u00e9valuez-vous votre exp\u00e9rience avec nous? Veuillez nous le faire savoir avec une note de une \u00e0 cinq \u00e9toiles.<\/p>\n","protected":false},"author":2,"featured_media":0,"parent":0,"menu_order":0,"comment_status":"closed","ping_status":"closed","template":"","meta":{"footnotes":""},"yoast_head":"<!-- This site is optimized with the Yoast SEO plugin v22.2 - https:\/\/yoast.com\/wordpress\/plugins\/seo\/ -->\n<title>\u00c9valuez-nous - Century 21 Macintyre<\/title>\n<meta name=\"robots\" content=\"index, follow, max-snippet:-1, max-image-preview:large, max-video-preview:-1\" \/>\n<link rel=\"canonical\" href=\"https:\/\/c21macintyre.com\/fr\/evaluez-nous\/\" \/>\n<meta property=\"og:locale\" content=\"fr_FR\" \/>\n<meta property=\"og:type\" content=\"article\" \/>\n<meta property=\"og:title\" content=\"\u00c9valuez-nous - Century 21 Macintyre\" \/>\n<meta property=\"og:description\" content=\"Comment \u00e9valuez-vous votre exp\u00e9rience avec nous? Veuillez nous le faire savoir avec une note de une \u00e0 cinq \u00e9toiles.\" \/>\n<meta property=\"og:url\" content=\"https:\/\/c21macintyre.com\/fr\/evaluez-nous\/\" \/>\n<meta property=\"og:site_name\" content=\"Century 21 Macintyre\" \/>\n<meta property=\"article:modified_time\" content=\"2023-07-14T19:54:30+00:00\" \/>\n<meta name=\"twitter:card\" content=\"summary_large_image\" \/>\n<script type=\"application\/ld+json\" class=\"yoast-schema-graph\">{\"@context\":\"https:\/\/schema.org\",\"@graph\":[{\"@type\":\"WebPage\",\"@id\":\"https:\/\/c21macintyre.com\/fr\/evaluez-nous\/\",\"url\":\"https:\/\/c21macintyre.com\/fr\/evaluez-nous\/\",\"name\":\"\u00c9valuez-nous - Century 21 Macintyre\",\"isPartOf\":{\"@id\":\"https:\/\/c21macintyre.com\/fr\/#website\"},\"datePublished\":\"2023-07-14T19:54:29+00:00\",\"dateModified\":\"2023-07-14T19:54:30+00:00\",\"breadcrumb\":{\"@id\":\"https:\/\/c21macintyre.com\/fr\/evaluez-nous\/#breadcrumb\"},\"inLanguage\":\"fr-FR\",\"potentialAction\":[{\"@type\":\"ReadAction\",\"target\":[\"https:\/\/c21macintyre.com\/fr\/evaluez-nous\/\"]}]},{\"@type\":\"BreadcrumbList\",\"@id\":\"https:\/\/c21macintyre.com\/fr\/evaluez-nous\/#breadcrumb\",\"itemListElement\":[{\"@type\":\"ListItem\",\"position\":1,\"name\":\"Home\",\"item\":\"https:\/\/c21macintyre.com\/fr\/\"},{\"@type\":\"ListItem\",\"position\":2,\"name\":\"\u00c9valuez-nous\"}]},{\"@type\":\"WebSite\",\"@id\":\"https:\/\/c21macintyre.com\/fr\/#website\",\"url\":\"https:\/\/c21macintyre.com\/fr\/\",\"name\":\"Century 21 Macintyre\",\"description\":\"\",\"publisher\":{\"@id\":\"https:\/\/c21macintyre.com\/fr\/#organization\"},\"potentialAction\":[{\"@type\":\"SearchAction\",\"target\":{\"@type\":\"EntryPoint\",\"urlTemplate\":\"https:\/\/c21macintyre.com\/fr\/?s={search_term_string}\"},\"query-input\":\"required name=search_term_string\"}],\"inLanguage\":\"fr-FR\"},{\"@type\":\"Organization\",\"@id\":\"https:\/\/c21macintyre.com\/fr\/#organization\",\"name\":\"Century 21 Macintyre\",\"url\":\"https:\/\/c21macintyre.com\/fr\/\",\"logo\":{\"@type\":\"ImageObject\",\"inLanguage\":\"fr-FR\",\"@id\":\"https:\/\/c21macintyre.com\/fr\/#\/schema\/logo\/image\/\",\"url\":\"https:\/\/c21macintyre.com\/wp-content\/uploads\/2020\/08\/Pri_Macintyre_Inc._EN_Gold.png\",\"contentUrl\":\"https:\/\/c21macintyre.com\/wp-content\/uploads\/2020\/08\/Pri_Macintyre_Inc._EN_Gold.png\",\"width\":1904,\"height\":668,\"caption\":\"Century 21 Macintyre\"},\"image\":{\"@id\":\"https:\/\/c21macintyre.com\/fr\/#\/schema\/logo\/image\/\"}}]}<\/script>\n<!-- \/ Yoast SEO plugin. -->","yoast_head_json":{"title":"\u00c9valuez-nous - Century 21 Macintyre","robots":{"index":"index","follow":"follow","max-snippet":"max-snippet:-1","max-image-preview":"max-image-preview:large","max-video-preview":"max-video-preview:-1"},"canonical":"https:\/\/c21macintyre.com\/fr\/evaluez-nous\/","og_locale":"fr_FR","og_type":"article","og_title":"\u00c9valuez-nous - Century 21 Macintyre","og_description":"Comment \u00e9valuez-vous votre exp\u00e9rience avec nous? Veuillez nous le faire savoir avec une note de une \u00e0 cinq \u00e9toiles.","og_url":"https:\/\/c21macintyre.com\/fr\/evaluez-nous\/","og_site_name":"Century 21 Macintyre","article_modified_time":"2023-07-14T19:54:30+00:00","twitter_card":"summary_large_image","schema":{"@context":"https:\/\/schema.org","@graph":[{"@type":"WebPage","@id":"https:\/\/c21macintyre.com\/fr\/evaluez-nous\/","url":"https:\/\/c21macintyre.com\/fr\/evaluez-nous\/","name":"\u00c9valuez-nous - Century 21 Macintyre","isPartOf":{"@id":"https:\/\/c21macintyre.com\/fr\/#website"},"datePublished":"2023-07-14T19:54:29+00:00","dateModified":"2023-07-14T19:54:30+00:00","breadcrumb":{"@id":"https:\/\/c21macintyre.com\/fr\/evaluez-nous\/#breadcrumb"},"inLanguage":"fr-FR","potentialAction":[{"@type":"ReadAction","target":["https:\/\/c21macintyre.com\/fr\/evaluez-nous\/"]}]},{"@type":"BreadcrumbList","@id":"https:\/\/c21macintyre.com\/fr\/evaluez-nous\/#breadcrumb","itemListElement":[{"@type":"ListItem","position":1,"name":"Home","item":"https:\/\/c21macintyre.com\/fr\/"},{"@type":"ListItem","position":2,"name":"\u00c9valuez-nous"}]},{"@type":"WebSite","@id":"https:\/\/c21macintyre.com\/fr\/#website","url":"https:\/\/c21macintyre.com\/fr\/","name":"Century 21 Macintyre","description":"","publisher":{"@id":"https:\/\/c21macintyre.com\/fr\/#organization"},"potentialAction":[{"@type":"SearchAction","target":{"@type":"EntryPoint","urlTemplate":"https:\/\/c21macintyre.com\/fr\/?s={search_term_string}"},"query-input":"required name=search_term_string"}],"inLanguage":"fr-FR"},{"@type":"Organization","@id":"https:\/\/c21macintyre.com\/fr\/#organization","name":"Century 21 Macintyre","url":"https:\/\/c21macintyre.com\/fr\/","logo":{"@type":"ImageObject","inLanguage":"fr-FR","@id":"https:\/\/c21macintyre.com\/fr\/#\/schema\/logo\/image\/","url":"https:\/\/c21macintyre.com\/wp-content\/uploads\/2020\/08\/Pri_Macintyre_Inc._EN_Gold.png","contentUrl":"https:\/\/c21macintyre.com\/wp-content\/uploads\/2020\/08\/Pri_Macintyre_Inc._EN_Gold.png","width":1904,"height":668,"caption":"Century 21 Macintyre"},"image":{"@id":"https:\/\/c21macintyre.com\/fr\/#\/schema\/logo\/image\/"}}]}},"_links":{"self":[{"href":"https:\/\/c21macintyre.com\/fr\/wp-json\/wp\/v2\/pages\/1981"}],"collection":[{"href":"https:\/\/c21macintyre.com\/fr\/wp-json\/wp\/v2\/pages"}],"about":[{"href":"https:\/\/c21macintyre.com\/fr\/wp-json\/wp\/v2\/types\/page"}],"author":[{"embeddable":true,"href":"https:\/\/c21macintyre.com\/fr\/wp-json\/wp\/v2\/users\/2"}],"replies":[{"embeddable":true,"href":"https:\/\/c21macintyre.com\/fr\/wp-json\/wp\/v2\/comments?post=1981"}],"version-history":[{"count":1,"href":"https:\/\/c21macintyre.com\/fr\/wp-json\/wp\/v2\/pages\/1981\/revisions"}],"predecessor-version":[{"id":1982,"href":"https:\/\/c21macintyre.com\/fr\/wp-json\/wp\/v2\/pages\/1981\/revisions\/1982"}],"wp:attachment":[{"href":"https:\/\/c21macintyre.com\/fr\/wp-json\/wp\/v2\/media?parent=1981"}],"curies":[{"name":"wp","href":"https:\/\/api.w.org\/{rel}","templated":true}]}}