{"id":1037,"date":"2020-06-10T06:20:17","date_gmt":"2020-06-10T10:20:17","guid":{"rendered":"https:\/\/macintyre.cp03.id-3.net\/?page_id=1037"},"modified":"2020-07-22T11:30:23","modified_gmt":"2020-07-22T15:30:23","slug":"details-dune-propriete","status":"publish","type":"page","link":"https:\/\/c21macintyre.com\/fr\/details-dune-propriete\/","title":{"rendered":"D\u00e9tails d&rsquo;une propri\u00e9t\u00e9"},"content":{"rendered":"\t\t<div data-elementor-type=\"wp-page\" data-elementor-id=\"1037\" class=\"elementor elementor-1037 elementor-43\" data-elementor-post-type=\"page\">\n\t\t\t\t\t\t<section class=\"elementor-section elementor-top-section elementor-element elementor-element-5bd15b90 elementor-section-boxed elementor-section-height-default elementor-section-height-default\" data-id=\"5bd15b90\" data-element_type=\"section\" data-settings=\"{&quot;background_background&quot;:&quot;classic&quot;}\">\n\t\t\t\t\t\t<div class=\"elementor-container elementor-column-gap-no\">\n\t\t\t\t\t<div class=\"elementor-column elementor-col-100 elementor-top-column elementor-element elementor-element-3aa477a1\" data-id=\"3aa477a1\" data-element_type=\"column\">\n\t\t\t<div class=\"elementor-widget-wrap elementor-element-populated\">\n\t\t\t\t\t\t<div class=\"elementor-element elementor-element-5c7a6642 elementor-widget-divider--view-line elementor-invisible elementor-widget elementor-widget-divider\" data-id=\"5c7a6642\" data-element_type=\"widget\" data-settings=\"{&quot;_animation&quot;:&quot;slideInRight&quot;}\" data-widget_type=\"divider.default\">\n\t\t\t\t<div class=\"elementor-widget-container\">\n\t\t\t\t\t<div class=\"elementor-divider\">\n\t\t\t<span class=\"elementor-divider-separator\">\n\t\t\t\t\t\t<\/span>\n\t\t<\/div>\n\t\t\t\t<\/div>\n\t\t\t\t<\/div>\n\t\t\t\t<section class=\"elementor-section elementor-inner-section elementor-element elementor-element-c232377 elementor-section-content-middle elementor-section-boxed elementor-section-height-default elementor-section-height-default\" data-id=\"c232377\" data-element_type=\"section\">\n\t\t\t\t\t\t<div class=\"elementor-container elementor-column-gap-no\">\n\t\t\t\t\t<div class=\"elementor-column elementor-col-100 elementor-inner-column elementor-element elementor-element-7a83a86\" data-id=\"7a83a86\" data-element_type=\"column\">\n\t\t\t<div class=\"elementor-widget-wrap elementor-element-populated\">\n\t\t\t\t\t\t<div class=\"elementor-element elementor-element-386e1806 elementor-widget__width-auto elementor-invisible elementor-widget elementor-widget-text-editor\" data-id=\"386e1806\" data-element_type=\"widget\" data-settings=\"{&quot;_animation&quot;:&quot;fadeInUp&quot;}\" data-widget_type=\"text-editor.default\">\n\t\t\t\t<div class=\"elementor-widget-container\">\n\t\t\t\t\t\t\t\t\t\t\t\t\t<\/div>\n\t\t\t\t<\/div>\n\t\t\t\t<div class=\"elementor-element elementor-element-55d936e elementor-widget__width-auto elementor-invisible elementor-widget elementor-widget-text-editor\" data-id=\"55d936e\" data-element_type=\"widget\" data-settings=\"{&quot;_animation&quot;:&quot;fadeInUp&quot;}\" data-widget_type=\"text-editor.default\">\n\t\t\t\t<div class=\"elementor-widget-container\">\n\t\t\t\t\t\t\t\t\t\t\t\t\t<\/div>\n\t\t\t\t<\/div>\n\t\t\t\t\t<\/div>\n\t\t<\/div>\n\t\t\t\t\t<\/div>\n\t\t<\/section>\n\t\t\t\t\t<\/div>\n\t\t<\/div>\n\t\t\t\t\t<\/div>\n\t\t<\/section>\n\t\t\t\t<section class=\"elementor-section elementor-top-section elementor-element elementor-element-5beaeac elementor-section-boxed elementor-section-height-default elementor-section-height-default\" data-id=\"5beaeac\" data-element_type=\"section\">\n\t\t\t\t\t\t<div class=\"elementor-container elementor-column-gap-default\">\n\t\t\t\t\t<div class=\"elementor-column elementor-col-100 elementor-top-column elementor-element elementor-element-91b5e87\" data-id=\"91b5e87\" data-element_type=\"column\">\n\t\t\t<div class=\"elementor-widget-wrap elementor-element-populated\">\n\t\t\t\t\t\t<div class=\"elementor-element elementor-element-cb491d5 elementor-widget elementor-widget-shortcode\" data-id=\"cb491d5\" data-element_type=\"widget\" data-settings=\"{&quot;_animation&quot;:&quot;none&quot;}\" data-widget_type=\"shortcode.default\">\n\t\t\t\t<div class=\"elementor-widget-container\">\n\t\t\t\t\t<div class=\"elementor-shortcode\"><\/div>\n\t\t\t\t<\/div>\n\t\t\t\t<\/div>\n\t\t\t\t\t<\/div>\n\t\t<\/div>\n\t\t\t\t\t<\/div>\n\t\t<\/section>\n\t\t\t\t<\/div>\n\t\t","protected":false},"excerpt":{"rendered":"<p>Lorem ipsum dolor sit amet, consectetur adipiscing elit. Lorem ipsum dolor sit amet, consectetur adipiscing elit. Ut elit tellus, luctus nec ullamcorper mattis, pulvinar dapibus leo.<\/p>\n","protected":false},"author":1,"featured_media":0,"parent":0,"menu_order":0,"comment_status":"closed","ping_status":"closed","template":"elementor_header_footer","meta":{"footnotes":""},"yoast_head":"<!-- This site is optimized with the Yoast SEO plugin v22.2 - https:\/\/yoast.com\/wordpress\/plugins\/seo\/ -->\n<title>D\u00e9tails d&#039;une propri\u00e9t\u00e9 - Century 21 Macintyre<\/title>\n<meta name=\"robots\" content=\"index, follow, max-snippet:-1, max-image-preview:large, max-video-preview:-1\" \/>\n<link rel=\"canonical\" href=\"https:\/\/c21macintyre.com\/fr\/details-dune-propriete\/\" \/>\n<meta property=\"og:locale\" content=\"fr_FR\" \/>\n<meta property=\"og:type\" content=\"article\" \/>\n<meta property=\"og:title\" content=\"D\u00e9tails d&#039;une propri\u00e9t\u00e9 - Century 21 Macintyre\" \/>\n<meta property=\"og:description\" content=\"Lorem ipsum dolor sit amet, consectetur adipiscing elit. Lorem ipsum dolor sit amet, consectetur adipiscing elit. Ut elit tellus, luctus nec ullamcorper mattis, pulvinar dapibus leo.\" \/>\n<meta property=\"og:url\" content=\"https:\/\/c21macintyre.com\/fr\/details-dune-propriete\/\" \/>\n<meta property=\"og:site_name\" content=\"Century 21 Macintyre\" \/>\n<meta property=\"article:modified_time\" content=\"2020-07-22T15:30:23+00:00\" \/>\n<meta name=\"twitter:card\" content=\"summary_large_image\" \/>\n<script type=\"application\/ld+json\" class=\"yoast-schema-graph\">{\"@context\":\"https:\/\/schema.org\",\"@graph\":[{\"@type\":\"WebPage\",\"@id\":\"https:\/\/c21macintyre.com\/fr\/details-dune-propriete\/\",\"url\":\"https:\/\/c21macintyre.com\/fr\/details-dune-propriete\/\",\"name\":\"D\u00e9tails d'une propri\u00e9t\u00e9 - Century 21 Macintyre\",\"isPartOf\":{\"@id\":\"https:\/\/c21macintyre.com\/fr\/#website\"},\"datePublished\":\"2020-06-10T10:20:17+00:00\",\"dateModified\":\"2020-07-22T15:30:23+00:00\",\"breadcrumb\":{\"@id\":\"https:\/\/c21macintyre.com\/fr\/details-dune-propriete\/#breadcrumb\"},\"inLanguage\":\"fr-FR\",\"potentialAction\":[{\"@type\":\"ReadAction\",\"target\":[\"https:\/\/c21macintyre.com\/fr\/details-dune-propriete\/\"]}]},{\"@type\":\"BreadcrumbList\",\"@id\":\"https:\/\/c21macintyre.com\/fr\/details-dune-propriete\/#breadcrumb\",\"itemListElement\":[{\"@type\":\"ListItem\",\"position\":1,\"name\":\"Home\",\"item\":\"https:\/\/c21macintyre.com\/fr\/\"},{\"@type\":\"ListItem\",\"position\":2,\"name\":\"D\u00e9tails d&rsquo;une propri\u00e9t\u00e9\"}]},{\"@type\":\"WebSite\",\"@id\":\"https:\/\/c21macintyre.com\/fr\/#website\",\"url\":\"https:\/\/c21macintyre.com\/fr\/\",\"name\":\"Century 21 Macintyre\",\"description\":\"\",\"publisher\":{\"@id\":\"https:\/\/c21macintyre.com\/fr\/#organization\"},\"potentialAction\":[{\"@type\":\"SearchAction\",\"target\":{\"@type\":\"EntryPoint\",\"urlTemplate\":\"https:\/\/c21macintyre.com\/fr\/?s={search_term_string}\"},\"query-input\":\"required name=search_term_string\"}],\"inLanguage\":\"fr-FR\"},{\"@type\":\"Organization\",\"@id\":\"https:\/\/c21macintyre.com\/fr\/#organization\",\"name\":\"Century 21 Macintyre\",\"url\":\"https:\/\/c21macintyre.com\/fr\/\",\"logo\":{\"@type\":\"ImageObject\",\"inLanguage\":\"fr-FR\",\"@id\":\"https:\/\/c21macintyre.com\/fr\/#\/schema\/logo\/image\/\",\"url\":\"https:\/\/c21macintyre.com\/wp-content\/uploads\/2020\/08\/Pri_Macintyre_Inc._EN_Gold.png\",\"contentUrl\":\"https:\/\/c21macintyre.com\/wp-content\/uploads\/2020\/08\/Pri_Macintyre_Inc._EN_Gold.png\",\"width\":1904,\"height\":668,\"caption\":\"Century 21 Macintyre\"},\"image\":{\"@id\":\"https:\/\/c21macintyre.com\/fr\/#\/schema\/logo\/image\/\"}}]}<\/script>\n<!-- \/ Yoast SEO plugin. -->","yoast_head_json":{"title":"D\u00e9tails d'une propri\u00e9t\u00e9 - Century 21 Macintyre","robots":{"index":"index","follow":"follow","max-snippet":"max-snippet:-1","max-image-preview":"max-image-preview:large","max-video-preview":"max-video-preview:-1"},"canonical":"https:\/\/c21macintyre.com\/fr\/details-dune-propriete\/","og_locale":"fr_FR","og_type":"article","og_title":"D\u00e9tails d'une propri\u00e9t\u00e9 - Century 21 Macintyre","og_description":"Lorem ipsum dolor sit amet, consectetur adipiscing elit. Lorem ipsum dolor sit amet, consectetur adipiscing elit. Ut elit tellus, luctus nec ullamcorper mattis, pulvinar dapibus leo.","og_url":"https:\/\/c21macintyre.com\/fr\/details-dune-propriete\/","og_site_name":"Century 21 Macintyre","article_modified_time":"2020-07-22T15:30:23+00:00","twitter_card":"summary_large_image","schema":{"@context":"https:\/\/schema.org","@graph":[{"@type":"WebPage","@id":"https:\/\/c21macintyre.com\/fr\/details-dune-propriete\/","url":"https:\/\/c21macintyre.com\/fr\/details-dune-propriete\/","name":"D\u00e9tails d'une propri\u00e9t\u00e9 - Century 21 Macintyre","isPartOf":{"@id":"https:\/\/c21macintyre.com\/fr\/#website"},"datePublished":"2020-06-10T10:20:17+00:00","dateModified":"2020-07-22T15:30:23+00:00","breadcrumb":{"@id":"https:\/\/c21macintyre.com\/fr\/details-dune-propriete\/#breadcrumb"},"inLanguage":"fr-FR","potentialAction":[{"@type":"ReadAction","target":["https:\/\/c21macintyre.com\/fr\/details-dune-propriete\/"]}]},{"@type":"BreadcrumbList","@id":"https:\/\/c21macintyre.com\/fr\/details-dune-propriete\/#breadcrumb","itemListElement":[{"@type":"ListItem","position":1,"name":"Home","item":"https:\/\/c21macintyre.com\/fr\/"},{"@type":"ListItem","position":2,"name":"D\u00e9tails d&rsquo;une propri\u00e9t\u00e9"}]},{"@type":"WebSite","@id":"https:\/\/c21macintyre.com\/fr\/#website","url":"https:\/\/c21macintyre.com\/fr\/","name":"Century 21 Macintyre","description":"","publisher":{"@id":"https:\/\/c21macintyre.com\/fr\/#organization"},"potentialAction":[{"@type":"SearchAction","target":{"@type":"EntryPoint","urlTemplate":"https:\/\/c21macintyre.com\/fr\/?s={search_term_string}"},"query-input":"required name=search_term_string"}],"inLanguage":"fr-FR"},{"@type":"Organization","@id":"https:\/\/c21macintyre.com\/fr\/#organization","name":"Century 21 Macintyre","url":"https:\/\/c21macintyre.com\/fr\/","logo":{"@type":"ImageObject","inLanguage":"fr-FR","@id":"https:\/\/c21macintyre.com\/fr\/#\/schema\/logo\/image\/","url":"https:\/\/c21macintyre.com\/wp-content\/uploads\/2020\/08\/Pri_Macintyre_Inc._EN_Gold.png","contentUrl":"https:\/\/c21macintyre.com\/wp-content\/uploads\/2020\/08\/Pri_Macintyre_Inc._EN_Gold.png","width":1904,"height":668,"caption":"Century 21 Macintyre"},"image":{"@id":"https:\/\/c21macintyre.com\/fr\/#\/schema\/logo\/image\/"}}]}},"_links":{"self":[{"href":"https:\/\/c21macintyre.com\/fr\/wp-json\/wp\/v2\/pages\/1037"}],"collection":[{"href":"https:\/\/c21macintyre.com\/fr\/wp-json\/wp\/v2\/pages"}],"about":[{"href":"https:\/\/c21macintyre.com\/fr\/wp-json\/wp\/v2\/types\/page"}],"author":[{"embeddable":true,"href":"https:\/\/c21macintyre.com\/fr\/wp-json\/wp\/v2\/users\/1"}],"replies":[{"embeddable":true,"href":"https:\/\/c21macintyre.com\/fr\/wp-json\/wp\/v2\/comments?post=1037"}],"version-history":[{"count":6,"href":"https:\/\/c21macintyre.com\/fr\/wp-json\/wp\/v2\/pages\/1037\/revisions"}],"predecessor-version":[{"id":1439,"href":"https:\/\/c21macintyre.com\/fr\/wp-json\/wp\/v2\/pages\/1037\/revisions\/1439"}],"wp:attachment":[{"href":"https:\/\/c21macintyre.com\/fr\/wp-json\/wp\/v2\/media?parent=1037"}],"curies":[{"name":"wp","href":"https:\/\/api.w.org\/{rel}","templated":true}]}}